{"id":10,"date":"2019-05-27T15:23:07","date_gmt":"2019-05-27T13:23:07","guid":{"rendered":"http:\/\/crespi.keepcalmagency.info\/?page_id=10"},"modified":"2022-02-08T12:14:10","modified_gmt":"2022-02-08T11:14:10","slug":"accueil","status":"publish","type":"page","link":"https:\/\/crespi.vjf.inserm.fr\/","title":{"rendered":"LA SANT\u00c9 RESPIRATOIRE DE L\u2019ENFANT"},"content":{"rendered":"<p>[et_pb_section fb_built=\u00a0\u00bb1&Prime; _builder_version=\u00a0\u00bb4.14.5&Prime; min_height=\u00a0\u00bb100px\u00a0\u00bb custom_padding=\u00a0\u00bb0px||0px|||\u00a0\u00bb global_colors_info=\u00a0\u00bb{}\u00a0\u00bb][et_pb_row admin_label=\u00a0\u00bbLigne\u00a0\u00bb _builder_version=\u00a0\u00bb4.14.5&Prime; background_color=\u00a0\u00bb#ffffff\u00a0\u00bb width=\u00a0\u00bb100%\u00a0\u00bb max_width=\u00a0\u00bb2560px\u00a0\u00bb custom_margin=\u00a0\u00bb0px||||false|false\u00a0\u00bb custom_padding=\u00a0\u00bb0px||0px||false|false\u00a0\u00bb global_colors_info=\u00a0\u00bb{}\u00a0\u00bb][et_pb_column type=\u00a0\u00bb4_4&Prime; admin_label=\u00a0\u00bbColonne\u00a0\u00bb _builder_version=\u00a0\u00bb3.25&Prime; custom_padding=\u00a0\u00bb|||\u00a0\u00bb global_colors_info=\u00a0\u00bb{}\u00a0\u00bb custom_padding__hover=\u00a0\u00bb|||\u00a0\u00bb][et_pb_text _builder_version=\u00a0\u00bb4.14.5&Prime; text_font=\u00a0\u00bbOpen Sans|||on|||||\u00a0\u00bb text_text_color=\u00a0\u00bb#ffffff\u00a0\u00bb text_font_size=\u00a0\u00bb37px\u00a0\u00bb background_color=\u00a0\u00bb#99ca3b\u00a0\u00bb text_orientation=\u00a0\u00bbcenter\u00a0\u00bb min_height=\u00a0\u00bb45px\u00a0\u00bb custom_margin=\u00a0\u00bb10px||||false|false\u00a0\u00bb custom_padding=\u00a0\u00bb20px||20px||false|false\u00a0\u00bb hover_enabled=\u00a0\u00bb0&Prime; text_text_align=\u00a0\u00bbcenter\u00a0\u00bb global_colors_info=\u00a0\u00bb{}\u00a0\u00bb sticky_enabled=\u00a0\u00bb0&Prime;]<\/p>\n<p>LA SANT\u00c9 RESPIRATOIRE DE L&rsquo;ENFANT<\/p>\n<p>[\/et_pb_text][\/et_pb_column][\/et_pb_row][et_pb_row _builder_version=\u00a0\u00bb3.25&Prime; background_color=\u00a0\u00bb#e9f3d4&Prime; width=\u00a0\u00bb100%\u00a0\u00bb max_width=\u00a0\u00bb100%\u00a0\u00bb custom_padding=\u00a0\u00bb10px||32px|||\u00a0\u00bb global_colors_info=\u00a0\u00bb{}\u00a0\u00bb][et_pb_column type=\u00a0\u00bb4_4&Prime; _builder_version=\u00a0\u00bb3.25&Prime; custom_padding=\u00a0\u00bb|||\u00a0\u00bb global_colors_info=\u00a0\u00bb{}\u00a0\u00bb custom_padding__hover=\u00a0\u00bb|||\u00a0\u00bb][et_pb_text module_id=\u00a0\u00bbaccueil-grand-paragraphe\u00a0\u00bb _builder_version=\u00a0\u00bb3.23.3&Prime; text_font=\u00a0\u00bbOpen Sans|300|||||||\u00a0\u00bb text_text_color=\u00a0\u00bb#4c4c4c\u00a0\u00bb header_font=\u00a0\u00bb||||||||\u00a0\u00bb text_orientation=\u00a0\u00bbcenter\u00a0\u00bb width=\u00a0\u00bb100%\u00a0\u00bb custom_margin=\u00a0\u00bb-22px||0px|||\u00a0\u00bb custom_padding=\u00a0\u00bb25px|20%|25px|20%|true|true\u00a0\u00bb text_text_align=\u00a0\u00bbcenter\u00a0\u00bb global_colors_info=\u00a0\u00bb{}\u00a0\u00bb]<\/p>\n<h1>Un projet innovant, nomm\u00e9 CRESPI<\/h1>\n<p>[\/et_pb_text][et_pb_text _builder_version=\u00a0\u00bb3.27.4&Prime; text_font=\u00a0\u00bbOpen Sans|600|||||||\u00a0\u00bb text_text_color=\u00a0\u00bb#4c4c4c\u00a0\u00bb text_font_size=\u00a0\u00bb16px\u00a0\u00bb text_orientation=\u00a0\u00bbcenter\u00a0\u00bb width=\u00a0\u00bb47.8%\u00a0\u00bb module_alignment=\u00a0\u00bbcenter\u00a0\u00bb custom_margin=\u00a0\u00bb-22px|||||\u00a0\u00bb custom_padding=\u00a0\u00bb5px|||24px||\u00a0\u00bb text_text_align=\u00a0\u00bbcenter\u00a0\u00bb global_colors_info=\u00a0\u00bb{}\u00a0\u00bb]<\/p>\n<p>r\u00e9alis\u00e9 en collaboration avec des \u00e9pid\u00e9miologistes des risques environnementaux, des informaticiens \u00e0 la pointe des nouvelles technologies et des m\u00e9decins\/scientifiques sp\u00e9cialistes de l\u2019\u00e9valuation de la maladie et des expositions.<\/p>\n<p>[\/et_pb_text][\/et_pb_column][\/et_pb_row][\/et_pb_section][et_pb_section fb_built=\u00a0\u00bb1&Prime; disabled_on=\u00a0\u00bboff|off|off\u00a0\u00bb _builder_version=\u00a0\u00bb3.23.3&Prime; custom_padding=\u00a0\u00bb41px|||||\u00a0\u00bb global_colors_info=\u00a0\u00bb{}\u00a0\u00bb][et_pb_row _builder_version=\u00a0\u00bb3.25&Prime; width=\u00a0\u00bb74.3%\u00a0\u00bb max_width=\u00a0\u00bb1454px\u00a0\u00bb module_alignment=\u00a0\u00bbcenter\u00a0\u00bb custom_margin=\u00a0\u00bb|19px|0px|606px||false\u00a0\u00bb custom_padding=\u00a0\u00bb0px|0px|0px|||\u00a0\u00bb global_colors_info=\u00a0\u00bb{}\u00a0\u00bb][et_pb_column type=\u00a0\u00bb4_4&Prime; _builder_version=\u00a0\u00bb3.25&Prime; custom_padding=\u00a0\u00bb|||\u00a0\u00bb global_colors_info=\u00a0\u00bb{}\u00a0\u00bb custom_padding__hover=\u00a0\u00bb|||\u00a0\u00bb][et_pb_text module_id=\u00a0\u00bbtitre2&Prime; _builder_version=\u00a0\u00bb4.4.6&Prime; text_font=\u00a0\u00bb||||||||\u00a0\u00bb text_text_color=\u00a0\u00bb#474747&Prime; text_font_size=\u00a0\u00bb33px\u00a0\u00bb text_line_height=\u00a0\u00bb2.4em\u00a0\u00bb header_font=\u00a0\u00bb||||||||\u00a0\u00bb header_text_color=\u00a0\u00bb#7cda24&Prime; header_2_font=\u00a0\u00bb||||||||\u00a0\u00bb width=\u00a0\u00bb100%\u00a0\u00bb custom_margin=\u00a0\u00bb|2px|15px|2px||true\u00a0\u00bb custom_padding=\u00a0\u00bb0px|0px|0px|0px|false|true\u00a0\u00bb border_color_all=\u00a0\u00bb#99cc00&Prime; border_width_bottom=\u00a0\u00bb1px\u00a0\u00bb global_colors_info=\u00a0\u00bb{}\u00a0\u00bb]<\/p>\n<p><img loading=\"lazy\" decoding=\"async\" src=\"http:\/\/crespi.vjf.inserm.fr\/wp-content\/uploads\/2019\/06\/title-leaf.png\" width=\"42\" height=\"43\" alt=\"\" class=\"wp-image-514 alignnone size-full\" \/>\u00a0Pr\u00e9sentation de l&rsquo;\u00e9tude<\/p>\n<p>[\/et_pb_text][et_pb_text _builder_version=\u00a0\u00bb3.23.3&Prime; text_font=\u00a0\u00bb||||||||\u00a0\u00bb text_text_color=\u00a0\u00bb#000000&Prime; text_font_size=\u00a0\u00bb15px\u00a0\u00bb text_line_height=\u00a0\u00bb1.8em\u00a0\u00bb width=\u00a0\u00bb100%\u00a0\u00bb max_width=\u00a0\u00bb100%\u00a0\u00bb module_alignment=\u00a0\u00bbcenter\u00a0\u00bb custom_margin=\u00a0\u00bb-6px|70px||-1px||\u00a0\u00bb custom_padding=\u00a0\u00bb|121px||||\u00a0\u00bb text_text_align=\u00a0\u00bbleft\u00a0\u00bb global_colors_info=\u00a0\u00bb{}\u00a0\u00bb]<\/p>\n<p style=\"text-align: justify;\"><span>L\u2019Institut National de la Sant\u00e9 et de la Recherche M\u00e9dicale (INSERM), en partenariat avec le Centre Scientifique et Technique du B\u00e2timent (CSTB), l\u2019\u00c9cole des hautes \u00e9tudes en sant\u00e9 publique (EHESP) et Epiconcept, r\u00e9alise une \u00e9tude sur l\u2019impact des expositions environnementales en cr\u00e8ches, notamment aux produits de nettoyage, sur la sant\u00e9 respiratoire des enfants jusqu\u2019\u00e0 3 ans. Ce projet innovant, nomm\u00e9 CRESPI, a pour but d\u2019am\u00e9liorer les connaissances scientifiques afin de mieux comprendre les causes de survenue des maladies respiratoires, comme l\u2019asthme. Ce projet est r\u00e9alis\u00e9 en collaboration avec des \u00e9pid\u00e9miologistes des risques environnementaux, des informaticiens \u00e0 la pointe des nouvelles technologies et des m\u00e9decins\/scientifiques sp\u00e9cialistes de l\u2019\u00e9valuation de la maladie et des expositions.<\/span><\/p>\n<p>[\/et_pb_text][et_pb_text _builder_version=\u00a0\u00bb3.23.3&Prime; text_font=\u00a0\u00bb|700|||||||\u00a0\u00bb text_font_size=\u00a0\u00bb16px\u00a0\u00bb text_line_height=\u00a0\u00bb1.5em\u00a0\u00bb width=\u00a0\u00bb100%\u00a0\u00bb module_alignment=\u00a0\u00bbcenter\u00a0\u00bb custom_margin=\u00a0\u00bb-18px||-28px|0px||\u00a0\u00bb custom_padding=\u00a0\u00bb0px|118px|0px|||\u00a0\u00bb text_text_align=\u00a0\u00bbleft\u00a0\u00bb locked=\u00a0\u00bboff\u00a0\u00bb global_colors_info=\u00a0\u00bb{}\u00a0\u00bb]<\/p>\n<p style=\"text-align: justify;\"><span style=\"color: #ff6600;\">L\u2019am\u00e9lioration de la qualit\u00e9 de l\u2019air int\u00e9rieur est une pr\u00e9occupation majeure de sant\u00e9 publique, et pourrait \u00eatre une mesure de pr\u00e9vention importante dans l\u2019asthme. Les connaissances apport\u00e9es par ce projet seront une base pour favoriser le d\u00e9veloppement de strat\u00e9gies cibl\u00e9es de pr\u00e9vention de la maladie d\u00e8s le plus jeune \u00e2ge.\u00a0<\/span><\/p>\n<p>&nbsp;<\/p>\n<p>[\/et_pb_text][\/et_pb_column][\/et_pb_row][et_pb_row column_structure=\u00a0\u00bb1_2,1_2&Prime; use_custom_gutter=\u00a0\u00bbon\u00a0\u00bb _builder_version=\u00a0\u00bb3.25&Prime; width=\u00a0\u00bb74%\u00a0\u00bb max_width=\u00a0\u00bb1880px\u00a0\u00bb max_width_tablet=\u00a0\u00bb\u00a0\u00bb max_width_phone=\u00a0\u00bb\u00a0\u00bb max_width_last_edited=\u00a0\u00bbon|phone\u00a0\u00bb module_alignment=\u00a0\u00bbcenter\u00a0\u00bb custom_padding=\u00a0\u00bb|0px|18px|0px||\u00a0\u00bb global_colors_info=\u00a0\u00bb{}\u00a0\u00bb][et_pb_column type=\u00a0\u00bb1_2&Prime; _builder_version=\u00a0\u00bb3.25&Prime; custom_padding=\u00a0\u00bb|||\u00a0\u00bb global_colors_info=\u00a0\u00bb{}\u00a0\u00bb custom_padding__hover=\u00a0\u00bb|||\u00a0\u00bb][et_pb_text _builder_version=\u00a0\u00bb3.27.4&Prime; text_font=\u00a0\u00bb||||||||\u00a0\u00bb text_font_size=\u00a0\u00bb15px\u00a0\u00bb custom_margin=\u00a0\u00bb|-78px||||\u00a0\u00bb custom_padding=\u00a0\u00bb|0px||||\u00a0\u00bb global_colors_info=\u00a0\u00bb{}\u00a0\u00bb]<\/p>\n<p style=\"text-align: justify;\"><span style=\"color: #000000;\">L\u2019\u00e9tude CRESPI consiste en la mise en place d\u2019une cohorte d\u2019enfants issus d\u2019un \u00e9chantillon de 100 cr\u00e8ches tir\u00e9es au sort \u00e0 partir du fichier des Etablissements d\u2019Accueil de Jeunes Enfants (EAJE) en Ile-de-France.<\/span><\/p>\n<p style=\"text-align: justify;\"><span style=\"color: #000000;\">L\u2019\u00e9tude est r\u00e9alis\u00e9e aupr\u00e8s d\u2019environ 1500 \u00e0 2500 enfants, inclus apr\u00e8s obtention de l\u2019accord de leurs parents. Deux enqu\u00eateurs visitent chaque cr\u00e8che pour pr\u00e9senter les objectifs de l\u2019\u00e9tude aux personnels et aux parents, transmettre le mat\u00e9riel (smartphone et questionnaire) et r\u00e9aliser les pr\u00e9l\u00e8vements de poussi\u00e8res d\u00e9pos\u00e9es au sol et d\u2019air int\u00e9rieur.<\/span><\/p>\n<p style=\"text-align: justify;\"><span style=\"color: #000000;\">Un questionnaire standardis\u00e9 portant notamment sur l\u2019utilisation de produits de nettoyage \u00e0 domicile et la sant\u00e9 respiratoire de l\u2019enfant est compl\u00e9t\u00e9 par les parents.<\/span><\/p>\n<p style=\"text-align: justify;\"><span style=\"color: #000000;\"><span>Le caract\u00e8re innovant du projet porte sur l\u2019\u00e9valuation des expositions et de la sant\u00e9 respiratoire par des applications smartphone. Le personnel et les parents scannent les codes-barres des produits de nettoyage utilis\u00e9s en cr\u00e8che et \u00e0 domicile et documentent la fr\u00e9quence et l\u2019usage des produits.La sant\u00e9 respiratoire des enfants et son suivi mensuel sont \u00e9valu\u00e9s via une application smartphone sp\u00e9cialement con\u00e7ue pour l\u2019\u00e9tude.<\/span><\/span><\/p>\n<p style=\"text-align: justify;\">[\/et_pb_text][\/et_pb_column][et_pb_column type=\u00a0\u00bb1_2&Prime; _builder_version=\u00a0\u00bb3.25&Prime; custom_padding=\u00a0\u00bb|||\u00a0\u00bb global_colors_info=\u00a0\u00bb{}\u00a0\u00bb custom_padding__hover=\u00a0\u00bb|||\u00a0\u00bb][et_pb_image src=\u00a0\u00bbhttps:\/\/crespi.vjf.inserm.fr\/wp-content\/uploads\/2019\/06\/DSC03147.jpg\u00a0\u00bb title_text=\u00a0\u00bbDSC03147&Prime; align=\u00a0\u00bbright\u00a0\u00bb _builder_version=\u00a0\u00bb4.4.6&Prime; width=\u00a0\u00bb80.9%\u00a0\u00bb custom_margin=\u00a0\u00bb|||40px|false|false\u00a0\u00bb custom_padding=\u00a0\u00bb|0px||||\u00a0\u00bb global_colors_info=\u00a0\u00bb{}\u00a0\u00bb][\/et_pb_image][\/et_pb_column][\/et_pb_row][et_pb_row _builder_version=\u00a0\u00bb3.25&Prime; width=\u00a0\u00bb100%\u00a0\u00bb custom_margin=\u00a0\u00bb-34px|208px||178px||\u00a0\u00bb custom_padding=\u00a0\u00bb|0px||6px||\u00a0\u00bb global_colors_info=\u00a0\u00bb{}\u00a0\u00bb][et_pb_column type=\u00a0\u00bb4_4&Prime; _builder_version=\u00a0\u00bb3.25&Prime; custom_padding=\u00a0\u00bb|||\u00a0\u00bb global_colors_info=\u00a0\u00bb{}\u00a0\u00bb custom_padding__hover=\u00a0\u00bb|||\u00a0\u00bb][et_pb_text _builder_version=\u00a0\u00bb3.27.4&Prime; text_font=\u00a0\u00bb||||||||\u00a0\u00bb text_font_size=\u00a0\u00bb15px\u00a0\u00bb width=\u00a0\u00bb129%\u00a0\u00bb custom_margin=\u00a0\u00bb|-400px||53px||\u00a0\u00bb custom_padding=\u00a0\u00bb|83px|0px|10px||\u00a0\u00bb global_colors_info=\u00a0\u00bb{}\u00a0\u00bb][\/et_pb_text][\/et_pb_column][\/et_pb_row][et_pb_row _builder_version=\u00a0\u00bb3.25&Prime; width=\u00a0\u00bb73.4%\u00a0\u00bb max_width=\u00a0\u00bb1764px\u00a0\u00bb module_alignment=\u00a0\u00bbcenter\u00a0\u00bb custom_margin=\u00a0\u00bb|0px||0px||false\u00a0\u00bb custom_padding=\u00a0\u00bb0px|||0px||\u00a0\u00bb global_colors_info=\u00a0\u00bb{}\u00a0\u00bb][et_pb_column type=\u00a0\u00bb4_4&Prime; _builder_version=\u00a0\u00bb3.25&Prime; custom_padding=\u00a0\u00bb|||\u00a0\u00bb global_colors_info=\u00a0\u00bb{}\u00a0\u00bb custom_padding__hover=\u00a0\u00bb|||\u00a0\u00bb][et_pb_text _builder_version=\u00a0\u00bb3.27.4&Prime; text_font=\u00a0\u00bb||||||||\u00a0\u00bb text_text_color=\u00a0\u00bb#000000&Prime; width=\u00a0\u00bb100%\u00a0\u00bb custom_margin=\u00a0\u00bb|||-7px||\u00a0\u00bb custom_padding=\u00a0\u00bb0px|0px||0px||\u00a0\u00bb global_colors_info=\u00a0\u00bb{}\u00a0\u00bb][\/et_pb_text][\/et_pb_column][\/et_pb_row][et_pb_row _builder_version=\u00a0\u00bb4.4.6&Prime; width=\u00a0\u00bb75%\u00a0\u00bb max_width=\u00a0\u00bb1428px\u00a0\u00bb custom_padding=\u00a0\u00bb0px||0px|||\u00a0\u00bb locked=\u00a0\u00bboff\u00a0\u00bb global_colors_info=\u00a0\u00bb{}\u00a0\u00bb][et_pb_column type=\u00a0\u00bb4_4&Prime; _builder_version=\u00a0\u00bb3.25&Prime; custom_padding=\u00a0\u00bb|||\u00a0\u00bb global_colors_info=\u00a0\u00bb{}\u00a0\u00bb custom_padding__hover=\u00a0\u00bb|||\u00a0\u00bb][et_pb_text module_id=\u00a0\u00bbtitre2&Prime; _builder_version=\u00a0\u00bb4.4.6&Prime; text_font=\u00a0\u00bb||||||||\u00a0\u00bb text_text_color=\u00a0\u00bb#474747&Prime; text_font_size=\u00a0\u00bb33px\u00a0\u00bb text_line_height=\u00a0\u00bb2em\u00a0\u00bb header_font=\u00a0\u00bb||||||||\u00a0\u00bb header_text_color=\u00a0\u00bb#7cda24&Prime; header_2_font=\u00a0\u00bb||||||||\u00a0\u00bb width=\u00a0\u00bb100%\u00a0\u00bb custom_margin=\u00a0\u00bb|0px|15px|0px||true\u00a0\u00bb custom_padding=\u00a0\u00bb16px|0px|0px|0px|false|true\u00a0\u00bb border_color_all=\u00a0\u00bb#99cc00&Prime; border_width_bottom=\u00a0\u00bb1px\u00a0\u00bb global_colors_info=\u00a0\u00bb{}\u00a0\u00bb]<\/p>\n<p><img loading=\"lazy\" decoding=\"async\" src=\"http:\/\/crespi.vjf.inserm.fr\/wp-content\/uploads\/2019\/06\/title-leaf.png\" width=\"42\" height=\"43\" alt=\"\" class=\"wp-image-514 alignnone size-full\" \/>\u00a0Nos partenaires<\/p>\n<p>[\/et_pb_text][\/et_pb_column][\/et_pb_row][et_pb_row column_structure=\u00a0\u00bb1_3,1_3,1_3&Prime; _builder_version=\u00a0\u00bb3.25&Prime; width=\u00a0\u00bb100%\u00a0\u00bb max_width=\u00a0\u00bb1325px\u00a0\u00bb module_alignment=\u00a0\u00bbcenter\u00a0\u00bb custom_padding=\u00a0\u00bb0px|||||\u00a0\u00bb global_colors_info=\u00a0\u00bb{}\u00a0\u00bb][et_pb_column type=\u00a0\u00bb1_3&Prime; _builder_version=\u00a0\u00bb3.25&Prime; custom_padding=\u00a0\u00bb|||\u00a0\u00bb global_colors_info=\u00a0\u00bb{}\u00a0\u00bb custom_padding__hover=\u00a0\u00bb|||\u00a0\u00bb][et_pb_image src=\u00a0\u00bbhttps:\/\/crespi.vjf.inserm.fr\/wp-content\/uploads\/2019\/05\/cstb_logo-e1539694320679-1.jpg\u00a0\u00bb title_text=\u00a0\u00bbcstb_logo-e1539694320679&Prime; url=\u00a0\u00bbhttp:\/\/www.cstb.fr\/fr\/\u00a0\u00bb url_new_window=\u00a0\u00bbon\u00a0\u00bb align=\u00a0\u00bbcenter\u00a0\u00bb _builder_version=\u00a0\u00bb4.4.6&Prime; custom_margin=\u00a0\u00bb||1px|||\u00a0\u00bb custom_padding=\u00a0\u00bb25px||\u00a0\u00bb global_colors_info=\u00a0\u00bb{}\u00a0\u00bb][\/et_pb_image][\/et_pb_column][et_pb_column type=\u00a0\u00bb1_3&Prime; _builder_version=\u00a0\u00bb3.25&Prime; custom_padding=\u00a0\u00bb|||\u00a0\u00bb global_colors_info=\u00a0\u00bb{}\u00a0\u00bb custom_padding__hover=\u00a0\u00bb|||\u00a0\u00bb][et_pb_image src=\u00a0\u00bbhttps:\/\/crespi.vjf.inserm.fr\/wp-content\/uploads\/2019\/05\/ehesp_4c-e1539681827725.png\u00a0\u00bb title_text=\u00a0\u00bbehesp_4c-e1539681827725&Prime; url=\u00a0\u00bbhttps:\/\/www.ehesp.fr\/\u00a0\u00bb url_new_window=\u00a0\u00bbon\u00a0\u00bb align=\u00a0\u00bbcenter\u00a0\u00bb _builder_version=\u00a0\u00bb4.4.6&Prime; global_colors_info=\u00a0\u00bb{}\u00a0\u00bb][\/et_pb_image][\/et_pb_column][et_pb_column type=\u00a0\u00bb1_3&Prime; _builder_version=\u00a0\u00bb3.25&Prime; custom_padding=\u00a0\u00bb|||\u00a0\u00bb global_colors_info=\u00a0\u00bb{}\u00a0\u00bb custom_padding__hover=\u00a0\u00bb|||\u00a0\u00bb][et_pb_image src=\u00a0\u00bbhttps:\/\/crespi.vjf.inserm.fr\/wp-content\/uploads\/2019\/05\/LOGO_HD_bleufonce_rvb-e1539694395239.png\u00a0\u00bb title_text=\u00a0\u00bbLOGO_HD_bleufonce_rvb-e1539694395239&Prime; url=\u00a0\u00bbhttps:\/\/www.epiconcept.fr\/\u00a0\u00bb url_new_window=\u00a0\u00bbon\u00a0\u00bb align=\u00a0\u00bbcenter\u00a0\u00bb _builder_version=\u00a0\u00bb4.4.6&Prime; custom_margin=\u00a0\u00bb||1px|||\u00a0\u00bb custom_padding=\u00a0\u00bb25px||\u00a0\u00bb global_colors_info=\u00a0\u00bb{}\u00a0\u00bb][\/et_pb_image][\/et_pb_column][\/et_pb_row][et_pb_row _builder_version=\u00a0\u00bb3.25&Prime; width=\u00a0\u00bb75%\u00a0\u00bb max_width=\u00a0\u00bb1699px\u00a0\u00bb locked=\u00a0\u00bboff\u00a0\u00bb global_colors_info=\u00a0\u00bb{}\u00a0\u00bb][et_pb_column type=\u00a0\u00bb4_4&Prime; _builder_version=\u00a0\u00bb3.25&Prime; custom_padding=\u00a0\u00bb|||\u00a0\u00bb global_colors_info=\u00a0\u00bb{}\u00a0\u00bb custom_padding__hover=\u00a0\u00bb|||\u00a0\u00bb][et_pb_text module_id=\u00a0\u00bbtitre2&Prime; _builder_version=\u00a0\u00bb4.4.6&Prime; text_font=\u00a0\u00bb||||||||\u00a0\u00bb text_text_color=\u00a0\u00bb#474747&Prime; text_font_size=\u00a0\u00bb33px\u00a0\u00bb text_line_height=\u00a0\u00bb2em\u00a0\u00bb header_font=\u00a0\u00bb||||||||\u00a0\u00bb header_text_color=\u00a0\u00bb#7cda24&Prime; header_2_font=\u00a0\u00bb||||||||\u00a0\u00bb width=\u00a0\u00bb100%\u00a0\u00bb border_color_all=\u00a0\u00bb#99cc00&Prime; border_width_bottom=\u00a0\u00bb1px\u00a0\u00bb global_colors_info=\u00a0\u00bb{}\u00a0\u00bb]<\/p>\n<p><img loading=\"lazy\" decoding=\"async\" src=\"http:\/\/crespi.vjf.inserm.fr\/wp-content\/uploads\/2019\/06\/title-leaf.png\" width=\"42\" height=\"43\" alt=\"\" class=\"wp-image-514 alignnone size-full\" \/>\u00a0Nos financeurs<\/p>\n<p>[\/et_pb_text][\/et_pb_column][\/et_pb_row][et_pb_row column_structure=\u00a0\u00bb1_6,1_6,1_6,1_6,1_6,1_6&Prime; _builder_version=\u00a0\u00bb4.4.6&Prime; global_colors_info=\u00a0\u00bb{}\u00a0\u00bb][et_pb_column type=\u00a0\u00bb1_6&Prime; _builder_version=\u00a0\u00bb4.4.6&Prime; global_colors_info=\u00a0\u00bb{}\u00a0\u00bb][et_pb_image src=\u00a0\u00bbhttps:\/\/crespi.vjf.inserm.fr\/wp-content\/uploads\/2021\/03\/logo_Ademe.png\u00a0\u00bb title_text=\u00a0\u00bblogo_Ademe\u00a0\u00bb _builder_version=\u00a0\u00bb4.4.6&Prime; global_colors_info=\u00a0\u00bb{}\u00a0\u00bb][\/et_pb_image][\/et_pb_column][et_pb_column type=\u00a0\u00bb1_6&Prime; _builder_version=\u00a0\u00bb4.4.6&Prime; global_colors_info=\u00a0\u00bb{}\u00a0\u00bb][et_pb_image src=\u00a0\u00bbhttps:\/\/crespi.vjf.inserm.fr\/wp-content\/uploads\/2019\/05\/FDF_Projet-soutenu_Quadri_1-e1553767140313.jpg\u00a0\u00bb title_text=\u00a0\u00bbFDF_Projet-soutenu_Quadri_1-e1553767140313&Prime; _builder_version=\u00a0\u00bb4.4.6&Prime; global_colors_info=\u00a0\u00bb{}\u00a0\u00bb][\/et_pb_image][\/et_pb_column][et_pb_column type=\u00a0\u00bb1_6&Prime; _builder_version=\u00a0\u00bb4.4.6&Prime; global_colors_info=\u00a0\u00bb{}\u00a0\u00bb][et_pb_image src=\u00a0\u00bbhttps:\/\/crespi.vjf.inserm.fr\/wp-content\/uploads\/2021\/03\/logo_mutuelle.jpg\u00a0\u00bb title_text=\u00a0\u00bblogo_mutuelle\u00a0\u00bb _builder_version=\u00a0\u00bb4.4.6&Prime; global_colors_info=\u00a0\u00bb{}\u00a0\u00bb][\/et_pb_image][\/et_pb_column][et_pb_column type=\u00a0\u00bb1_6&Prime; _builder_version=\u00a0\u00bb4.4.6&Prime; global_colors_info=\u00a0\u00bb{}\u00a0\u00bb][\/et_pb_column][et_pb_column type=\u00a0\u00bb1_6&Prime; _builder_version=\u00a0\u00bb4.4.6&Prime; global_colors_info=\u00a0\u00bb{}\u00a0\u00bb][\/et_pb_column][et_pb_column type=\u00a0\u00bb1_6&Prime; _builder_version=\u00a0\u00bb4.4.6&Prime; global_colors_info=\u00a0\u00bb{}\u00a0\u00bb][\/et_pb_column][\/et_pb_row][et_pb_row column_structure=\u00a0\u00bb1_5,1_5,1_5,1_5,1_5&Prime; use_custom_gutter=\u00a0\u00bbon\u00a0\u00bb gutter_width=\u00a0\u00bb1&Prime; make_equal=\u00a0\u00bbon\u00a0\u00bb _builder_version=\u00a0\u00bb3.25&Prime; width=\u00a0\u00bb100%\u00a0\u00bb max_width=\u00a0\u00bb1273px\u00a0\u00bb module_alignment=\u00a0\u00bbcenter\u00a0\u00bb custom_margin=\u00a0\u00bb-24px||\u00a0\u00bb custom_padding=\u00a0\u00bb||27px|||\u00a0\u00bb global_colors_info=\u00a0\u00bb{}\u00a0\u00bb][et_pb_column type=\u00a0\u00bb1_5&Prime; _builder_version=\u00a0\u00bb3.25&Prime; custom_padding=\u00a0\u00bb|||\u00a0\u00bb global_colors_info=\u00a0\u00bb{}\u00a0\u00bb custom_padding__hover=\u00a0\u00bb|||\u00a0\u00bb][\/et_pb_column][et_pb_column type=\u00a0\u00bb1_5&Prime; _builder_version=\u00a0\u00bb3.25&Prime; custom_padding=\u00a0\u00bb|||\u00a0\u00bb global_colors_info=\u00a0\u00bb{}\u00a0\u00bb custom_padding__hover=\u00a0\u00bb|||\u00a0\u00bb][et_pb_image src=\u00a0\u00bbhttps:\/\/crespi.vjf.inserm.fr\/wp-content\/uploads\/2019\/12\/Logo-ANSES.png\u00a0\u00bb title_text=\u00a0\u00bbLogo ANSES\u00a0\u00bb url=\u00a0\u00bbhttps:\/\/www.fondationdefrance.org\/fr\u00a0\u00bb url_new_window=\u00a0\u00bbon\u00a0\u00bb align=\u00a0\u00bbcenter\u00a0\u00bb _builder_version=\u00a0\u00bb4.4.6&Prime; border_color_all=\u00a0\u00bb#afafaf\u00a0\u00bb global_colors_info=\u00a0\u00bb{}\u00a0\u00bb][\/et_pb_image][\/et_pb_column][et_pb_column type=\u00a0\u00bb1_5&Prime; _builder_version=\u00a0\u00bb3.25&Prime; custom_padding=\u00a0\u00bb|||\u00a0\u00bb global_colors_info=\u00a0\u00bb{}\u00a0\u00bb custom_padding__hover=\u00a0\u00bb|||\u00a0\u00bb][et_pb_image src=\u00a0\u00bbhttps:\/\/crespi.vjf.inserm.fr\/wp-content\/uploads\/2019\/05\/ANR-150&#215;150.jpg\u00a0\u00bb title_text=\u00a0\u00bbANR-150&#215;150&Prime; url=\u00a0\u00bbhttps:\/\/anr.fr\/\u00a0\u00bb url_new_window=\u00a0\u00bbon\u00a0\u00bb align=\u00a0\u00bbcenter\u00a0\u00bb _builder_version=\u00a0\u00bb4.4.6&Prime; border_color_all=\u00a0\u00bb#afafaf\u00a0\u00bb global_colors_info=\u00a0\u00bb{}\u00a0\u00bb][\/et_pb_image][\/et_pb_column][et_pb_column type=\u00a0\u00bb1_5&Prime; _builder_version=\u00a0\u00bb3.25&Prime; custom_padding=\u00a0\u00bb|||\u00a0\u00bb global_colors_info=\u00a0\u00bb{}\u00a0\u00bb custom_padding__hover=\u00a0\u00bb|||\u00a0\u00bb][et_pb_image src=\u00a0\u00bbhttps:\/\/crespi.vjf.inserm.fr\/wp-content\/uploads\/2019\/05\/ARS_LOGOS_idf-e1542379280119.jpg\u00a0\u00bb title_text=\u00a0\u00bbARS_LOGOS_idf-e1542379280119&Prime; url=\u00a0\u00bbhttps:\/\/www.iledefrance.ars.sante.fr\/\u00a0\u00bb url_new_window=\u00a0\u00bbon\u00a0\u00bb align=\u00a0\u00bbcenter\u00a0\u00bb _builder_version=\u00a0\u00bb4.4.6&Prime; border_color_all=\u00a0\u00bb#afafaf\u00a0\u00bb global_colors_info=\u00a0\u00bb{}\u00a0\u00bb][\/et_pb_image][et_pb_image src=\u00a0\u00bbhttps:\/\/crespi.vjf.inserm.fr\/wp-content\/uploads\/2019\/05\/DRIEE-IF-PRSE-BLOC-MARQUE-OK-2a-91&#215;100.jpg\u00a0\u00bb title_text=\u00a0\u00bbDRIEE-IF-PRSE-BLOC-MARQUE-OK-2a-91&#215;100&Prime; url=\u00a0\u00bbhttp:\/\/www.ile-de-france.prse.fr\/\u00a0\u00bb url_new_window=\u00a0\u00bbon\u00a0\u00bb align=\u00a0\u00bbcenter\u00a0\u00bb _builder_version=\u00a0\u00bb4.4.6&Prime; width=\u00a0\u00bb100%\u00a0\u00bb border_color_all=\u00a0\u00bb#afafaf\u00a0\u00bb global_colors_info=\u00a0\u00bb{}\u00a0\u00bb][\/et_pb_image][\/et_pb_column][et_pb_column type=\u00a0\u00bb1_5&Prime; _builder_version=\u00a0\u00bb3.25&Prime; custom_padding=\u00a0\u00bb|||\u00a0\u00bb global_colors_info=\u00a0\u00bb{}\u00a0\u00bb custom_padding__hover=\u00a0\u00bb|||\u00a0\u00bb][et_pb_image title_text=\u00a0\u00bbLogo ANSES\u00a0\u00bb url=\u00a0\u00bbhttps:\/\/www.anses.fr\/fr\u00a0\u00bb url_new_window=\u00a0\u00bbon\u00a0\u00bb _builder_version=\u00a0\u00bb4.4.6&Prime; global_colors_info=\u00a0\u00bb{}\u00a0\u00bb][\/et_pb_image][\/et_pb_column][\/et_pb_row][\/et_pb_section]<\/p>\n","protected":false},"excerpt":{"rendered":"<p>LA SANT\u00c9 RESPIRATOIRE DE L&rsquo;ENFANTUn projet innovant, nomm\u00e9 CRESPIr\u00e9alis\u00e9 en collaboration avec des \u00e9pid\u00e9miologistes des risques environnementaux, des informaticiens \u00e0 la pointe des nouvelles technologies et des m\u00e9decins\/scientifiques sp\u00e9cialistes de l\u2019\u00e9valuation de la maladie et des expositions.\u00a0Pr\u00e9sentation de l&rsquo;\u00e9tudeL\u2019Institut National de la Sant\u00e9 et de la Recherche M\u00e9dicale (INSERM), en partenariat avec le Centre Scientifique [&hellip;]<\/p>\n","protected":false},"author":2,"featured_media":0,"parent":0,"menu_order":0,"comment_status":"closed","ping_status":"closed","template":"","meta":{"_et_pb_use_builder":"on","_et_pb_old_content":"","_et_gb_content_width":"","footnotes":""},"class_list":["post-10","page","type-page","status-publish","hentry"],"_links":{"self":[{"href":"https:\/\/crespi.vjf.inserm.fr\/index.php\/wp-json\/wp\/v2\/pages\/10","targetHints":{"allow":["GET"]}}],"collection":[{"href":"https:\/\/crespi.vjf.inserm.fr\/index.php\/wp-json\/wp\/v2\/pages"}],"about":[{"href":"https:\/\/crespi.vjf.inserm.fr\/index.php\/wp-json\/wp\/v2\/types\/page"}],"author":[{"embeddable":true,"href":"https:\/\/crespi.vjf.inserm.fr\/index.php\/wp-json\/wp\/v2\/users\/2"}],"replies":[{"embeddable":true,"href":"https:\/\/crespi.vjf.inserm.fr\/index.php\/wp-json\/wp\/v2\/comments?post=10"}],"version-history":[{"count":82,"href":"https:\/\/crespi.vjf.inserm.fr\/index.php\/wp-json\/wp\/v2\/pages\/10\/revisions"}],"predecessor-version":[{"id":1201,"href":"https:\/\/crespi.vjf.inserm.fr\/index.php\/wp-json\/wp\/v2\/pages\/10\/revisions\/1201"}],"wp:attachment":[{"href":"https:\/\/crespi.vjf.inserm.fr\/index.php\/wp-json\/wp\/v2\/media?parent=10"}],"curies":[{"name":"wp","href":"https:\/\/api.w.org\/{rel}","templated":true}]}}